{"id":115,"date":"2014-03-18T12:28:45","date_gmt":"2014-03-18T11:28:45","guid":{"rendered":"http:\/\/www.rabe-buero.de\/Wordpress\/?page_id=115"},"modified":"2015-03-18T12:52:25","modified_gmt":"2015-03-18T11:52:25","slug":"datenschutz","status":"publish","type":"page","link":"http:\/\/www.rabe-buero.de\/Wordpress\/datenschutz\/","title":{"rendered":"Datenschutz"},"content":{"rendered":"<p>Liebe Besucher,<\/p>\n<p>der Schutz Ihrer personenbezogenen Daten bei der Erhebung, Verarbeitung und Nutzung anl\u00e4sslich Ihres Besuchs auf meiner Homepage ist mir ein wichtiges Anliegen. Ihre Daten werden im Rahmen der gesetzlichen Vorschriften gesch\u00fctzt. Nachfolgend finden Sie Informationen, welche Daten w\u00e4hrend Ihres Besuchs auf der Homepage erfasst und wie diese genutzt werden:<\/p>\n<p>1. Erhebung und Verarbeitung von Daten<!--more--><\/p>\n<p>Jeder Zugriff auf meine Homepage und jeder Abruf einer auf der Homepage hinterlegten Datei werden protokolliert. Die Speicherung dient internen systembezogenen und statistischen Zwecken. Protokolliert werden: Name der abgerufenen Datei, Datum und Uhrzeit des Abrufs, \u00fcbertragene Datenmenge, Meldung \u00fcber erfolgreichen Abruf, Webbrowser und anfragende Domain. Diese Daten sind f\u00fcr mich nicht bestimmten Personen zuordenbar. Eine Zusammenf\u00fchrung dieser Daten mit anderen Datenquellen wird nicht vorgenommen, die Daten werden nach der statistischen Auswertung gel\u00f6scht.<br \/>\nZus\u00e4tzlich werden die IP Adressen der anfragenden Rechner protokolliert.<br \/>\nWeitergehende personenbezogene Daten werden nur erfasst, wenn Sie diese Angaben freiwillig machen, etwa im Rahmen einer Anfrage oder eines Kommentars.<\/p>\n<p>2. Nutzung und Weitergabe personenbezogener Daten<br \/>\nSoweit Sie mir personenbezogene Daten zur Verf\u00fcgung gestellt haben, verwende ich diese nur zur Beantwortung Ihrer Anfragen. Ihre Daten werden nicht an Dritte weitergegeben.<\/p>\n<p>3. Auskunftsrecht:<br \/>\nAuf schriftliche Anfrage werde ich Sie \u00fcber die zu Ihrer Person gespeicherten Daten informieren.<br \/>\nSicherheitshinweis:<br \/>\nBei der Kommunikation per E-Mail kann die vollst\u00e4ndige Datensicherheit nicht gew\u00e4hrleistet werden, da ich darauf keinen Einfluss habe.<\/p>\n","protected":false},"excerpt":{"rendered":"<p>Liebe Besucher, der Schutz Ihrer personenbezogenen Daten bei der Erhebung, Verarbeitung und Nutzung anl\u00e4sslich Ihres Besuchs auf meiner Homepage ist mir ein wichtiges Anliegen. Ihre Daten werden im Rahmen der gesetzlichen Vorschriften gesch\u00fctzt. Nachfolgend finden Sie Informationen, welche Daten w\u00e4hrend Ihres Besuchs auf der Homepage erfasst und wie diese genutzt werden: 1. Erhebung und Verarbeitung [&hellip;]<\/p>\n","protected":false},"author":4,"featured_media":0,"parent":0,"menu_order":0,"comment_status":"closed","ping_status":"closed","template":"","meta":{"footnotes":""},"class_list":["post-115","page","type-page","status-publish","hentry"],"_links":{"self":[{"href":"http:\/\/www.rabe-buero.de\/Wordpress\/wp-json\/wp\/v2\/pages\/115","targetHints":{"allow":["GET"]}}],"collection":[{"href":"http:\/\/www.rabe-buero.de\/Wordpress\/wp-json\/wp\/v2\/pages"}],"about":[{"href":"http:\/\/www.rabe-buero.de\/Wordpress\/wp-json\/wp\/v2\/types\/page"}],"author":[{"embeddable":true,"href":"http:\/\/www.rabe-buero.de\/Wordpress\/wp-json\/wp\/v2\/users\/4"}],"replies":[{"embeddable":true,"href":"http:\/\/www.rabe-buero.de\/Wordpress\/wp-json\/wp\/v2\/comments?post=115"}],"version-history":[{"count":1,"href":"http:\/\/www.rabe-buero.de\/Wordpress\/wp-json\/wp\/v2\/pages\/115\/revisions"}],"predecessor-version":[{"id":116,"href":"http:\/\/www.rabe-buero.de\/Wordpress\/wp-json\/wp\/v2\/pages\/115\/revisions\/116"}],"wp:attachment":[{"href":"http:\/\/www.rabe-buero.de\/Wordpress\/wp-json\/wp\/v2\/media?parent=115"}],"curies":[{"name":"wp","href":"https:\/\/api.w.org\/{rel}","templated":true}]}}